{"id":435,"date":"2024-12-26T13:41:14","date_gmt":"2024-12-26T13:41:14","guid":{"rendered":"https:\/\/icnmsme2025.web.ua.pt\/?page_id=435"},"modified":"2025-03-26T10:57:06","modified_gmt":"2025-03-26T10:57:06","slug":"speakers-2","status":"publish","type":"page","link":"https:\/\/icnmsme2025.web.ua.pt\/?page_id=435","title":{"rendered":"Speakers"},"content":{"rendered":"<h3><strong>Keynote Speakers<\/strong><\/h3>\n<h3><strong>Plenary Speakers<\/strong><\/h3>\n<p><img loading=\"lazy\" decoding=\"async\" class=\"alignnone wp-image-438\" src=\"https:\/\/icnmsme2025.web.ua.pt\/wp-content\/uploads\/2024\/12\/Ajeet-Kaushik.jpg\" alt=\"\" width=\"301\" height=\"327\" \/><\/p>\n<p style=\"text-align: center;\"><a href=\"https:\/\/floridapoly.edu\/directory\/faculty\/ajeet-kaushik.php\"><strong>Prof. Dr. Ajeet Kaushik<\/strong><\/a>, Florida Polytechnic University, <strong>USA<\/strong><\/p>\n<p>&nbsp;<\/p>\n<p><img loading=\"lazy\" decoding=\"async\" class=\"alignnone wp-image-447\" src=\"https:\/\/icnmsme2025.web.ua.pt\/wp-content\/uploads\/2024\/12\/Senentxu-Lanceros-Mendez.jpg\" alt=\"\" width=\"298\" height=\"264\" \/><\/p>\n<p style=\"text-align: center;\"><a href=\"https:\/\/www.ikerbasque.net\/en\/senentxu-lanceros-mendez\"><strong>Prof. Dr. Senentxu Lanceros-M\u00e9ndez<\/strong><\/a>, Parque Cient\u00edfico y Tecnol\u00f3gico de Bizkaia, Derio,<strong> Spain <\/strong><\/p>\n<p>&nbsp;<\/p>\n<p><img loading=\"lazy\" decoding=\"async\" class=\"alignnone wp-image-453\" src=\"https:\/\/icnmsme2025.web.ua.pt\/wp-content\/uploads\/2024\/12\/Gunnar-Suchaneck-214x300.jpg\" alt=\"\" width=\"248\" height=\"347\" srcset=\"https:\/\/icnmsme2025.web.ua.pt\/wp-content\/uploads\/2024\/12\/Gunnar-Suchaneck-214x300.jpg 214w, https:\/\/icnmsme2025.web.ua.pt\/wp-content\/uploads\/2024\/12\/Gunnar-Suchaneck.jpg 220w\" sizes=\"(max-width: 248px) 100vw, 248px\" \/><\/p>\n<p style=\"text-align: center;\"><a href=\"https:\/\/www.researchgate.net\/profile\/Gunnar-Suchaneck\"><strong>Prof. Dr. Gunnar Suchaneck<\/strong><\/a>, Technische Universit\u00e4t Dresden, <strong>Germany\u00a0<\/strong><\/p>\n<p>&nbsp;<\/p>\n<p><img loading=\"lazy\" decoding=\"async\" class=\"alignnone wp-image-462\" src=\"https:\/\/icnmsme2025.web.ua.pt\/wp-content\/uploads\/2024\/12\/Robert-C.-Pullar-1.jpg\" alt=\"\" width=\"298\" height=\"303\" \/><\/p>\n<p style=\"text-align: center;\"><a href=\"https:\/\/www.researchgate.net\/profile\/Robert-Pullar\"><strong>Prof. Dr. Robert C. Pullar<\/strong><\/a>,\u00a0 Universit\u00e0 Ca&#8217; Foscari Venezia, <strong>Italy\u00a0<\/strong><\/p>\n<p>&nbsp;<\/p>\n<p><img loading=\"lazy\" decoding=\"async\" class=\"alignnone wp-image-465\" src=\"https:\/\/icnmsme2025.web.ua.pt\/wp-content\/uploads\/2024\/12\/Salam-Titinchi.jpg\" alt=\"\" width=\"257\" height=\"309\" \/><\/p>\n<p style=\"text-align: center;\"><a href=\"https:\/\/scholar.google.co.za\/citations?user=q9nTDbYAAAAJ&amp;hl=en\"><strong>Prof. Dr. Salam J.J. Titinchi<\/strong><\/a>, Department of Chemistry, University of the Western Cape, Cape Town, <strong>South Africa<\/strong><\/p>\n<p>&nbsp;<\/p>\n<p><img loading=\"lazy\" decoding=\"async\" class=\"alignnone wp-image-468\" src=\"https:\/\/icnmsme2025.web.ua.pt\/wp-content\/uploads\/2024\/12\/Ezddin-Hutli.jpg\" alt=\"\" width=\"291\" height=\"316\" \/><\/p>\n<p style=\"text-align: center;\"><a href=\"https:\/\/scholar.google.com\/citations?hl=en&amp;user=NZlLR24AAAAJ&amp;view_op=list_works&amp;sortby=pubdate\"><strong>Prof. Dr. Ezddin Hutli<\/strong><\/a>, Budapest University of Technology and Economics (BME), Institute of Nuclear Techniques (NTI), Budapest, <strong>Hungary<\/strong>; Centre for Energy Research, Budapest, <strong>Hungary<\/strong><\/p>\n<p>&nbsp;<\/p>\n<p><img loading=\"lazy\" decoding=\"async\" class=\"alignnone wp-image-590\" src=\"https:\/\/icnmsme2025.web.ua.pt\/wp-content\/uploads\/2025\/01\/Philip-LeDuc-242x300.png\" alt=\"\" width=\"296\" height=\"367\" srcset=\"https:\/\/icnmsme2025.web.ua.pt\/wp-content\/uploads\/2025\/01\/Philip-LeDuc-242x300.png 242w, https:\/\/icnmsme2025.web.ua.pt\/wp-content\/uploads\/2025\/01\/Philip-LeDuc.png 358w\" sizes=\"(max-width: 296px) 100vw, 296px\" \/><\/p>\n<p style=\"text-align: center;\"><a href=\"https:\/\/www.meche.engineering.cmu.edu\/directory\/bios\/leduc-philip.html\"><strong>Prof. Dr. Philip LeDuc<\/strong><\/a>, Institut Departments of Mechanical Engineering, Biomedical Engineering, Computational Biology, and Biological Sciences Carnegie Mellon University, <strong>USA<\/strong><\/p>\n<p>&nbsp;<\/p>\n<h3><strong>Invited Speakers<\/strong><\/h3>\n<p>&nbsp;<\/p>\n<p><img loading=\"lazy\" decoding=\"async\" class=\"alignnone wp-image-477\" src=\"https:\/\/icnmsme2025.web.ua.pt\/wp-content\/uploads\/2024\/12\/Vikram-Uttam-Pandit.jpg\" alt=\"\" width=\"299\" height=\"332\" \/><\/p>\n<p style=\"text-align: center;\">Prof. Dr. Vikram Uttam Pandit<br \/>\nHaribhai V. Desai Arts, Science &amp; Commerce College, Pune, <strong>India<br \/>\n<\/strong><\/p>\n<p>&nbsp;<\/p>\n<p><img loading=\"lazy\" decoding=\"async\" class=\"alignnone wp-image-480\" src=\"https:\/\/icnmsme2025.web.ua.pt\/wp-content\/uploads\/2024\/12\/Budhendra-Kumar-Singh-300x300.jpg\" alt=\"\" width=\"298\" height=\"298\" srcset=\"https:\/\/icnmsme2025.web.ua.pt\/wp-content\/uploads\/2024\/12\/Budhendra-Kumar-Singh-300x300.jpg 300w, https:\/\/icnmsme2025.web.ua.pt\/wp-content\/uploads\/2024\/12\/Budhendra-Kumar-Singh-150x150.jpg 150w, https:\/\/icnmsme2025.web.ua.pt\/wp-content\/uploads\/2024\/12\/Budhendra-Kumar-Singh-768x768.jpg 768w, https:\/\/icnmsme2025.web.ua.pt\/wp-content\/uploads\/2024\/12\/Budhendra-Kumar-Singh.jpg 900w\" sizes=\"(max-width: 298px) 100vw, 298px\" \/><\/p>\n<p style=\"text-align: center;\">Prof. Dr. Budhendra Kumar Singh, Central University of South Bihar, <strong>India<\/strong><\/p>\n<p>&nbsp;<\/p>\n<p><img loading=\"lazy\" decoding=\"async\" class=\"alignnone wp-image-483\" src=\"https:\/\/icnmsme2025.web.ua.pt\/wp-content\/uploads\/2024\/12\/Manish-Jugroot.jpg\" alt=\"\" width=\"289\" height=\"302\" \/><\/p>\n<p style=\"text-align: center;\">Prof. Dr. Manish Jugroot, Mechanical and Aerospace Engineering, Royal Military College of Canada, Kingston, <strong>Canada<\/strong><\/p>\n<p>&nbsp;<\/p>\n<p><img loading=\"lazy\" decoding=\"async\" class=\"alignnone wp-image-489\" src=\"https:\/\/icnmsme2025.web.ua.pt\/wp-content\/uploads\/2024\/12\/Alejandro-Heredia-Barbero-233x300.jpg\" alt=\"\" width=\"298\" height=\"384\" srcset=\"https:\/\/icnmsme2025.web.ua.pt\/wp-content\/uploads\/2024\/12\/Alejandro-Heredia-Barbero-233x300.jpg 233w, https:\/\/icnmsme2025.web.ua.pt\/wp-content\/uploads\/2024\/12\/Alejandro-Heredia-Barbero.jpg 258w\" sizes=\"(max-width: 298px) 100vw, 298px\" \/><\/p>\n<p style=\"text-align: center;\">Dr. Alejandro Heredia Barbero, Universidad Nacional Aut\u00f3noma de M\u00e9xico, <strong>Mexico<\/strong><\/p>\n<p>&nbsp;<\/p>\n<p><img loading=\"lazy\" decoding=\"async\" class=\"alignnone wp-image-495\" src=\"https:\/\/icnmsme2025.web.ua.pt\/wp-content\/uploads\/2024\/12\/Venkata-Ramana-Eskilla-233x300.jpg\" alt=\"\" width=\"298\" height=\"384\" srcset=\"https:\/\/icnmsme2025.web.ua.pt\/wp-content\/uploads\/2024\/12\/Venkata-Ramana-Eskilla-233x300.jpg 233w, https:\/\/icnmsme2025.web.ua.pt\/wp-content\/uploads\/2024\/12\/Venkata-Ramana-Eskilla.jpg 500w\" sizes=\"(max-width: 298px) 100vw, 298px\" \/><\/p>\n<p style=\"text-align: center;\">Dr. Venkata Ramana Eskilla, University of Aveiro, <strong>Portugal<\/strong><\/p>\n<p>&nbsp;<\/p>\n<p><img loading=\"lazy\" decoding=\"async\" class=\"alignnone wp-image-498\" src=\"https:\/\/icnmsme2025.web.ua.pt\/wp-content\/uploads\/2024\/12\/Indrani-Coondoo.jpg\" alt=\"\" width=\"299\" height=\"317\" \/><\/p>\n<p style=\"text-align: center;\">Dr. Indrani Coondoo, University of Aveiro, <strong>Portugal<\/strong><\/p>\n<p>&nbsp;<\/p>\n<p><img loading=\"lazy\" decoding=\"async\" class=\"alignnone wp-image-501\" src=\"https:\/\/icnmsme2025.web.ua.pt\/wp-content\/uploads\/2024\/12\/Andrei-Kovalevsky.jpg\" alt=\"\" width=\"296\" height=\"357\" \/><\/p>\n<p style=\"text-align: center;\">Dr. Andrei Kovalevsky, University of Aveiro, <strong>Portugal<\/strong><\/p>\n<p>&nbsp;<\/p>\n<p><img loading=\"lazy\" decoding=\"async\" class=\"alignnone wp-image-510\" src=\"https:\/\/icnmsme2025.web.ua.pt\/wp-content\/uploads\/2024\/12\/Suresh-Kumar-Jakka.jpg\" alt=\"\" width=\"291\" height=\"269\" \/><\/p>\n<p style=\"text-align: center;\">Dr. Suresh Kumar Jakka, University of Aveiro,<strong> Portugal<\/strong><\/p>\n<p>&nbsp;<\/p>\n<p><img loading=\"lazy\" decoding=\"async\" class=\"alignnone wp-image-513\" src=\"https:\/\/icnmsme2025.web.ua.pt\/wp-content\/uploads\/2024\/12\/Neeraj-Panwar.jpg\" alt=\"\" width=\"295\" height=\"354\" \/><\/p>\n<p style=\"text-align: center;\">Prof. Dr. Neeraj Panwar, Central University of Rajasthan, <strong>India<\/strong><\/p>\n<p>&nbsp;<\/p>\n<p><img loading=\"lazy\" decoding=\"async\" class=\"alignnone wp-image-516\" src=\"https:\/\/icnmsme2025.web.ua.pt\/wp-content\/uploads\/2024\/12\/Musaab-Zarog-240x300.jpg\" alt=\"\" width=\"297\" height=\"371\" srcset=\"https:\/\/icnmsme2025.web.ua.pt\/wp-content\/uploads\/2024\/12\/Musaab-Zarog-240x300.jpg 240w, https:\/\/icnmsme2025.web.ua.pt\/wp-content\/uploads\/2024\/12\/Musaab-Zarog.jpg 441w\" sizes=\"(max-width: 297px) 100vw, 297px\" \/><\/p>\n<p style=\"text-align: center;\">Prof. Dr. Musaab ZAROG, Sultan Qaboos University, <strong>Oman<\/strong><\/p>\n<p>&nbsp;<\/p>\n<p><img loading=\"lazy\" decoding=\"async\" class=\"alignnone wp-image-519\" src=\"https:\/\/icnmsme2025.web.ua.pt\/wp-content\/uploads\/2024\/12\/Radheshyam-Rai.jpg\" alt=\"\" width=\"296\" height=\"296\" srcset=\"https:\/\/icnmsme2025.web.ua.pt\/wp-content\/uploads\/2024\/12\/Radheshyam-Rai.jpg 300w, https:\/\/icnmsme2025.web.ua.pt\/wp-content\/uploads\/2024\/12\/Radheshyam-Rai-150x150.jpg 150w\" sizes=\"(max-width: 296px) 100vw, 296px\" \/><\/p>\n<p style=\"text-align: center;\">Prof. Dr. Radheshyam Rai, Eternal University, <strong>India<\/strong><\/p>\n<p>&nbsp;<\/p>\n<p><img loading=\"lazy\" decoding=\"async\" class=\"alignnone wp-image-525\" src=\"https:\/\/icnmsme2025.web.ua.pt\/wp-content\/uploads\/2024\/12\/Natalia-Barroca-285x300.jpeg\" alt=\"\" width=\"294\" height=\"309\" srcset=\"https:\/\/icnmsme2025.web.ua.pt\/wp-content\/uploads\/2024\/12\/Natalia-Barroca-285x300.jpeg 285w, https:\/\/icnmsme2025.web.ua.pt\/wp-content\/uploads\/2024\/12\/Natalia-Barroca-768x810.jpeg 768w, https:\/\/icnmsme2025.web.ua.pt\/wp-content\/uploads\/2024\/12\/Natalia-Barroca.jpeg 845w\" sizes=\"(max-width: 294px) 100vw, 294px\" \/><\/p>\n<p style=\"text-align: center;\">Dr. Nat\u00e1lia Barroca, University of Aveiro, <strong>Portugal<\/strong><\/p>\n<p>&nbsp;<\/p>\n<p><img loading=\"lazy\" decoding=\"async\" class=\"alignnone wp-image-528\" src=\"https:\/\/icnmsme2025.web.ua.pt\/wp-content\/uploads\/2024\/12\/Pankaj-Bharmoria.jpg\" alt=\"\" width=\"296\" height=\"281\" \/><\/p>\n<p style=\"text-align: center;\">Dr. Pankaj Bharmoria, Barcelona Materials Science Institute (ICMAB-CSIC), Barcelona,<strong> Spain<\/strong><\/p>\n<p>&nbsp;<\/p>\n<p><img loading=\"lazy\" decoding=\"async\" class=\"alignnone wp-image-507\" src=\"https:\/\/icnmsme2025.web.ua.pt\/wp-content\/uploads\/2024\/12\/A_Kudelski_zdjecie-225x300.jpg\" alt=\"\" width=\"294\" height=\"392\" srcset=\"https:\/\/icnmsme2025.web.ua.pt\/wp-content\/uploads\/2024\/12\/A_Kudelski_zdjecie-225x300.jpg 225w, https:\/\/icnmsme2025.web.ua.pt\/wp-content\/uploads\/2024\/12\/A_Kudelski_zdjecie-768x1024.jpg 768w, https:\/\/icnmsme2025.web.ua.pt\/wp-content\/uploads\/2024\/12\/A_Kudelski_zdjecie-1152x1536.jpg 1152w, https:\/\/icnmsme2025.web.ua.pt\/wp-content\/uploads\/2024\/12\/A_Kudelski_zdjecie-1536x2048.jpg 1536w, https:\/\/icnmsme2025.web.ua.pt\/wp-content\/uploads\/2024\/12\/A_Kudelski_zdjecie-1200x1600.jpg 1200w, https:\/\/icnmsme2025.web.ua.pt\/wp-content\/uploads\/2024\/12\/A_Kudelski_zdjecie-1980x2640.jpg 1980w, https:\/\/icnmsme2025.web.ua.pt\/wp-content\/uploads\/2024\/12\/A_Kudelski_zdjecie-scaled.jpg 1920w\" sizes=\"(max-width: 294px) 100vw, 294px\" \/><\/p>\n<p style=\"text-align: center;\">Prof. Dr. Andrzej Kudelski, Faculty of Chemistry, University of Warsaw, <strong>Poland<\/strong><\/p>\n<p>&nbsp;<\/p>\n<p><img loading=\"lazy\" decoding=\"async\" class=\"alignnone wp-image-534\" src=\"https:\/\/icnmsme2025.web.ua.pt\/wp-content\/uploads\/2024\/12\/Georgina-Miranda-300x293.jpg\" alt=\"\" width=\"291\" height=\"284\" srcset=\"https:\/\/icnmsme2025.web.ua.pt\/wp-content\/uploads\/2024\/12\/Georgina-Miranda-300x293.jpg 300w, https:\/\/icnmsme2025.web.ua.pt\/wp-content\/uploads\/2024\/12\/Georgina-Miranda.jpg 366w\" sizes=\"(max-width: 291px) 100vw, 291px\" \/><\/p>\n<p style=\"text-align: center;\">Prof. Dr. Georgina Miranda, Department of Materials and Ceramic Engineering (DEMaC), University of Aveiro, <strong>Portugal<\/strong><\/p>\n<p>&nbsp;<\/p>\n<p><img loading=\"lazy\" decoding=\"async\" class=\"alignnone wp-image-540\" src=\"https:\/\/icnmsme2025.web.ua.pt\/wp-content\/uploads\/2024\/12\/Marcos-Gomes-Ghislandi.jpeg\" alt=\"\" width=\"298\" height=\"373\" \/><\/p>\n<p style=\"text-align: center;\">Prof. Dr. Marcos Gomes Ghislandi, Universidade Federal Rural de Pernambuco,\u00a0<strong>Brazil<\/strong><\/p>\n<p>&nbsp;<\/p>\n<p><img loading=\"lazy\" decoding=\"async\" class=\"alignnone wp-image-546\" src=\"https:\/\/icnmsme2025.web.ua.pt\/wp-content\/uploads\/2024\/12\/Serbulent-Turk.jpg\" alt=\"\" width=\"294\" height=\"294\" srcset=\"https:\/\/icnmsme2025.web.ua.pt\/wp-content\/uploads\/2024\/12\/Serbulent-Turk.jpg 200w, https:\/\/icnmsme2025.web.ua.pt\/wp-content\/uploads\/2024\/12\/Serbulent-Turk-150x150.jpg 150w\" sizes=\"(max-width: 294px) 100vw, 294px\" \/><\/p>\n<p style=\"text-align: center;\">Dr. Serb\u00fclent T\u00fcrk, Sakarya University, <strong>Turkey<\/strong><\/p>\n<p>&nbsp;<\/p>\n<p><img loading=\"lazy\" decoding=\"async\" class=\"alignnone wp-image-552\" src=\"https:\/\/icnmsme2025.web.ua.pt\/wp-content\/uploads\/2024\/12\/Pavel-corr1-224x300.jpg\" alt=\"\" width=\"293\" height=\"392\" srcset=\"https:\/\/icnmsme2025.web.ua.pt\/wp-content\/uploads\/2024\/12\/Pavel-corr1-224x300.jpg 224w, https:\/\/icnmsme2025.web.ua.pt\/wp-content\/uploads\/2024\/12\/Pavel-corr1.jpg 563w\" sizes=\"(max-width: 293px) 100vw, 293px\" \/><\/p>\n<p style=\"text-align: center;\">Dr. Pavel Zelenovskii, Department of Physics and CICECO\u2212Aveiro Institute of Materials, University of Aveiro, <strong>Portugal<\/strong><\/p>\n<p>&nbsp;<\/p>\n<p><img loading=\"lazy\" decoding=\"async\" class=\"alignnone wp-image-555\" src=\"https:\/\/icnmsme2025.web.ua.pt\/wp-content\/uploads\/2024\/12\/Natalia-Tintaru-300x300.jpg\" alt=\"\" width=\"303\" height=\"303\" srcset=\"https:\/\/icnmsme2025.web.ua.pt\/wp-content\/uploads\/2024\/12\/Natalia-Tintaru-300x300.jpg 300w, https:\/\/icnmsme2025.web.ua.pt\/wp-content\/uploads\/2024\/12\/Natalia-Tintaru-150x150.jpg 150w, https:\/\/icnmsme2025.web.ua.pt\/wp-content\/uploads\/2024\/12\/Natalia-Tintaru-768x768.jpg 768w, https:\/\/icnmsme2025.web.ua.pt\/wp-content\/uploads\/2024\/12\/Natalia-Tintaru.jpg 800w\" sizes=\"(max-width: 303px) 100vw, 303px\" \/><\/p>\n<p style=\"text-align: center;\">Prof. Dr. Natalia Tintaru, Institute of Applied Physics, MSU, <strong>Moldova<\/strong>\/Vilnius University, Vilnius, <strong>Lithuania<\/strong><\/p>\n<p>&nbsp;<\/p>\n<p><img loading=\"lazy\" decoding=\"async\" class=\"alignnone wp-image-558\" src=\"https:\/\/icnmsme2025.web.ua.pt\/wp-content\/uploads\/2024\/12\/Jamal-Davoodi-259x300.jpg\" alt=\"\" width=\"297\" height=\"344\" srcset=\"https:\/\/icnmsme2025.web.ua.pt\/wp-content\/uploads\/2024\/12\/Jamal-Davoodi-259x300.jpg 259w, https:\/\/icnmsme2025.web.ua.pt\/wp-content\/uploads\/2024\/12\/Jamal-Davoodi.jpg 405w\" sizes=\"(max-width: 297px) 100vw, 297px\" \/><\/p>\n<p style=\"text-align: center;\">Prof. Dr. Jamal Davoodi, Department of Physics, University of Zanjan, <strong>Iran<\/strong><\/p>\n<p>&nbsp;<\/p>\n<p><img loading=\"lazy\" decoding=\"async\" class=\"alignnone wp-image-561\" src=\"https:\/\/icnmsme2025.web.ua.pt\/wp-content\/uploads\/2024\/12\/IsabelDuarte-1-251x300.jpg\" alt=\"\" width=\"297\" height=\"355\" srcset=\"https:\/\/icnmsme2025.web.ua.pt\/wp-content\/uploads\/2024\/12\/IsabelDuarte-1-251x300.jpg 251w, https:\/\/icnmsme2025.web.ua.pt\/wp-content\/uploads\/2024\/12\/IsabelDuarte-1.jpg 429w\" sizes=\"(max-width: 297px) 100vw, 297px\" \/><\/p>\n<p style=\"text-align: center;\">Prof. Dr. Isabel Duarte, University of Aveiro, <strong>Portugal<\/strong><\/p>\n<p>&nbsp;<\/p>\n<p style=\"text-align: center;\"><img loading=\"lazy\" decoding=\"async\" class=\"alignnone wp-image-600\" src=\"https:\/\/icnmsme2025.web.ua.pt\/wp-content\/uploads\/2025\/01\/CGranadeiro-1-252x300.jpg\" alt=\"\" width=\"295\" height=\"351\" srcset=\"https:\/\/icnmsme2025.web.ua.pt\/wp-content\/uploads\/2025\/01\/CGranadeiro-1-252x300.jpg 252w, https:\/\/icnmsme2025.web.ua.pt\/wp-content\/uploads\/2025\/01\/CGranadeiro-1-768x915.jpg 768w, https:\/\/icnmsme2025.web.ua.pt\/wp-content\/uploads\/2025\/01\/CGranadeiro-1.jpg 835w\" sizes=\"(max-width: 295px) 100vw, 295px\" \/>Dr. Carlos Granadeiro, Faculty of Sciences, University of Porto, <strong>Portugal<\/strong><\/p>\n<p>&nbsp;<\/p>\n<p><img loading=\"lazy\" decoding=\"async\" class=\"alignnone  wp-image-699\" src=\"https:\/\/icnmsme2025.web.ua.pt\/wp-content\/uploads\/2025\/03\/Photo_Francisco_Loureiro1-298x300.jpg\" alt=\"\" width=\"306\" height=\"308\" srcset=\"https:\/\/icnmsme2025.web.ua.pt\/wp-content\/uploads\/2025\/03\/Photo_Francisco_Loureiro1-298x300.jpg 298w, https:\/\/icnmsme2025.web.ua.pt\/wp-content\/uploads\/2025\/03\/Photo_Francisco_Loureiro1-150x150.jpg 150w, https:\/\/icnmsme2025.web.ua.pt\/wp-content\/uploads\/2025\/03\/Photo_Francisco_Loureiro1.jpg 350w\" sizes=\"(max-width: 306px) 100vw, 306px\" \/><\/p>\n<p style=\"text-align: center;\">Dr. Francisco Loureiro, University of Aveiro, <strong>Portugal<\/strong><\/p>\n<p>&nbsp;<\/p>\n","protected":false},"excerpt":{"rendered":"<p>Keynote Speakers Plenary Speakers Prof. Dr. Ajeet Kaushik, Florida Polytechnic University, USA &nbsp; Prof. Dr. Senentxu Lanceros-M\u00e9ndez, Parque Cient\u00edfico y Tecnol\u00f3gico de Bizkaia, Derio, Spain &nbsp; Prof. Dr. Gunnar Suchaneck, Technische Universit\u00e4t Dresden, Germany\u00a0 &nbsp; Prof. Dr. Robert C. Pullar,\u00a0 Universit\u00e0 Ca&#8217; Foscari Venezia, Italy\u00a0 &nbsp; Prof. Dr. Salam J.J. Titinchi, Department of Chemistry, University [&hellip;]<\/p>\n","protected":false},"author":1,"featured_media":0,"parent":0,"menu_order":0,"comment_status":"closed","ping_status":"closed","template":"","meta":{"footnotes":""},"class_list":["post-435","page","type-page","status-publish","hentry"],"_links":{"self":[{"href":"https:\/\/icnmsme2025.web.ua.pt\/index.php?rest_route=\/wp\/v2\/pages\/435"}],"collection":[{"href":"https:\/\/icnmsme2025.web.ua.pt\/index.php?rest_route=\/wp\/v2\/pages"}],"about":[{"href":"https:\/\/icnmsme2025.web.ua.pt\/index.php?rest_route=\/wp\/v2\/types\/page"}],"author":[{"embeddable":true,"href":"https:\/\/icnmsme2025.web.ua.pt\/index.php?rest_route=\/wp\/v2\/users\/1"}],"replies":[{"embeddable":true,"href":"https:\/\/icnmsme2025.web.ua.pt\/index.php?rest_route=%2Fwp%2Fv2%2Fcomments&post=435"}],"version-history":[{"count":18,"href":"https:\/\/icnmsme2025.web.ua.pt\/index.php?rest_route=\/wp\/v2\/pages\/435\/revisions"}],"predecessor-version":[{"id":702,"href":"https:\/\/icnmsme2025.web.ua.pt\/index.php?rest_route=\/wp\/v2\/pages\/435\/revisions\/702"}],"wp:attachment":[{"href":"https:\/\/icnmsme2025.web.ua.pt\/index.php?rest_route=%2Fwp%2Fv2%2Fmedia&parent=435"}],"curies":[{"name":"wp","href":"https:\/\/api.w.org\/{rel}","templated":true}]}}