{"id":136,"date":"2024-08-29T07:42:06","date_gmt":"2024-08-29T07:42:06","guid":{"rendered":"https:\/\/icnmsme2025.web.ua.pt\/?page_id=136"},"modified":"2025-07-01T14:14:52","modified_gmt":"2025-07-01T14:14:52","slug":"committees","status":"publish","type":"page","link":"https:\/\/icnmsme2025.web.ua.pt\/?page_id=136","title":{"rendered":"Committees"},"content":{"rendered":"<h3>Organizing Committee<\/h3>\n<p>Prof. Dr. Robertt Valente, University of Aveiro, Portugal<br \/>\nProf. Dr. V\u00edtor Ant\u00f3nio Ferreira da Costa, University of Aveiro, Portugal<br \/>\nProf. Dr. Ant\u00f3nio Manuel de Bastos Pereira, University of Aveiro, Portugal<br \/>\nProf. Dr. Paula Alexandrina de Aguiar Pereira Marques, University of Aveiro, Portugal<br \/>\nProf. Dr. Duncan Paul Fagg, University of Aveiro, Portugal<br \/>\nDr. Igor Bdikin, University of Aveiro, Portugal<br \/>\nDr. Gil Alberto Batista Gon\u00e7alves, University of Aveiro, Portugal<br \/>\nDr. Nat\u00e1lia Barroca, University of Aveiro, Portugal<br \/>\nDr. Francisco Loureiro, University of Aveiro, Portugal<br \/>\nDr. Laura Holz, University of Aveiro, Portugal<br \/>\nDr. Vanessa Cristina Diniz da Gra\u00e7a, University of Aveiro, Portugal<\/p>\n<h3>International Organizing Committee<\/h3>\n<p>Dr. Vikram Uttam Pandit, Haribhai V. Desai Arts, Science &amp; Commerce College, Pune, India<br \/>\nDr. Alejandro Heredia Barbero, Universidad Nacional Aut\u00f3noma de M\u00e9xico, Mexico<br \/>\nDr. Serb\u00fclent T\u00fcrk, Sakarya University, Turkey<br \/>\nProf. Dr. Aleksandr Bagmut, National Technical University \u201cKhPI\u201d, Kharkiv, Ukraine<br \/>\nProf. Dr. Budhendra Kumar Singh, Central University of South Bihar, India<br \/>\nProf. Dr. Robert Pullar, Universit\u00e0 Ca&#8217; Foscari Venezia, Italy<br \/>\nProf. Dr. Natalia Tintaru, Vilnius University, Vilnius, Lithuania; Institute of Applied Physics, Chisinau, Moldova<br \/>\nProf. Dr. Anderson Rodrigues Lima Caires, Federal University of Mato Grosso Do Sul, Brazil<br \/>\nProf. Dr. Ajay Lad, Sant Gadge Baba Amravati University, Amravati, India<\/p>\n<h3>Program Committee<\/h3>\n<p>Prof. Dr. Ajay Lad, Sant Gadge Baba Amravati University, Amravati, India<br \/>\nDr. Alaa Almansoori, Technical Institute of Basra, Southern Technical University, Iraq<br \/>\nDr. Alejandro Heredia Barbero, Universidad Nacional Aut\u00f3noma de M\u00e9xico, Mexico<br \/>\nProf. Dr. Aleksandr Bagmut, National Technical University \u201cKhPI\u201d, Kharkiv, Ukraine<br \/>\nDr. Aliaksandr Shaula, University of Aveiro, Portugal<br \/>\nProf. Dr. Allisson Saiter-Fourcin, University of Normandy, Rouen, France<br \/>\nDr. Ana Horovistiz, University of Aveiro, Portugal<br \/>\nDr. Ana Violeta Gir\u00e3o, University of Aveiro, Portugal<br \/>\nProf. Dr. Anderson Rodrigues Lima Caires, Federal University of Mato Grosso Do Sul, Brazil<br \/>\nDr. Andrei Kovalevsky, University of Aveiro, Portugal<br \/>\nProf. Dr. Ant\u00f3nio Manuel de Bastos Pereira, University of Aveiro, Portugal<br \/>\nDr. Bilal Fettah, Hassiba Benbouali University of Chlef, Algeria<br \/>\nProf. Dr. Binay Kumar, University of Delhi, India<br \/>\nProf. Dr. Budhendra Kumar Singh, Central University of South Bihar, India<br \/>\nProf. Dr. Chunjiu Tang, Changshu Institute of Technology, China<br \/>\nProf. Dr. Cicero R. Cena, Instituto de F\u00edsica, Mato Grosso do Sul Federal University, Brazil<br \/>\nDr. D. Pukazhselvan, University of Aveiro, Portugal<br \/>\nDr. Dina I. Bakranova, Kazakh-British Technical University, Kazakhstan<br \/>\nProf. Dr. Duncan Paul Fagg, University of Aveiro, Portugal<br \/>\nProf. Dr. Erlong Wang, Northwest A&amp;F University, Yangling, China<br \/>\nProf. Dr. Eudes Borges de Araujo, Sao Paulo State University (UNESP), Brazil<br \/>\nDr. Francisco Loureiro, University of Aveiro, Portugal<br \/>\nProf. Dr. Georgina Miranda, University of Aveiro, Portugal<br \/>\nDr. Gil Alberto Batista Gon\u00e7alves, University of Aveiro, Portugal<br \/>\nDr. Gonzalo Guillermo Otero Irurueta, University of Aveiro, Portugal<br \/>\nProf. Dr. Gunnar Suchaneck, Technische Universit\u00e4t Dresden, Germany<br \/>\nProf. Dr. Henrikas Cesiulis, Vilnius University, Lithuania<br \/>\nDr. Igor Bdikin, University of Aveiro, Portugal<br \/>\nDr. Indrani Coondoo, University of Aveiro, Portugal<br \/>\nDr. Isabel Duarte, University of Aveiro, Portugal<br \/>\nDr. Joana Catarina Mendes, University of Aveiro, Portugal<br \/>\nDr. Joana Mesquita-Guimaraes, University of Aveiro, Portugal<br \/>\nDr. Jo\u00e3o Miguel Serras Dias, University of Aveiro, Portugal<br \/>\nDr. Laura Holz, University of Aveiro, Portugal<br \/>\nProf. Dr. Marcos Gomes Ghislandi, Universidade Federal Rural de Pernambuco, Brazil<br \/>\nDr. Martina Kocijan, University of Zagreb, Croatia<br \/>\nDr. Milan Vuk\u0161i\u0107, Jo\u017eef Stefan Institute, Ljubljana, Slovenia<br \/>\nProf. Dr. Musaab ZAROG, Sultan Qaboos University, Oman<br \/>\nDr. Nat\u00e1lia Barroca, University of Aveiro, Portugal<br \/>\nProf. Dr. Natalia Tintaru, Vilnius University, Vilnius, Lithuania; Institute of Applied Physics, Chisinau, Moldova<br \/>\nProf. Dr. Neeraj Panwar, Central University of Rajasthan, Bandarsindri, India<br \/>\nDr. Oleksandr Tkach, University of Aveiro, Portugal<br \/>\nProf. Dr. Radheshyam Rai, Eternal University, India<br \/>\nProf. Dr. Reinhard Schwarz, Instituto Superior T\u00e9cnico, Lisboa, Portugal<br \/>\nProf. Dr. Robert Pullar, Universit\u00e0 Ca&#8217; Foscari Venezia, Italy<br \/>\nDr. Pankaj Bharmoria, Barcelona Materials Science Institute (ICMAB-CSIC), Barcelona, Spain<br \/>\nDr. Pavani Krishnapuram, University of Aveiro, Aveiro, Portugal<br \/>\nProf. Dr. Paula Alexandrina de Aguiar Pereira Marques, University of Aveiro, Portugal<br \/>\nDr. Pavel Zelenovskii, University of Aveiro, Portugal<br \/>\nProf. Dr. Salam J.J. Titinchi, University of the Western Cape, Cape Town, South Africa<br \/>\nProf. Dr. Senentxu Lanceros-M\u00e9ndez, Parque Cient\u00edfico y Tecnol\u00f3gico de Bizkaia, Spain<br \/>\nDr. Serb\u00fclent T\u00fcrk, Sakarya University, Turkey<br \/>\nDr. Suresh Kumar Jakka, University of Aveiro, Portugal<br \/>\nDr. Svitlana Kopyl, University of Aveiro, Portugal<br \/>\nDr. Venkata Ramana Eskilla, University of Aveiro, Portugal<br \/>\nDr. Vikram Uttam Pandit, Haribhai V. Desai Arts, Science &amp; Commerce College, Pune, India<br \/>\nProf. Dr. V\u00edtor Ant\u00f3nio Ferreira da Costa, University of Aveiro, Portugal<br \/>\nProf. Dr. Yulian Vysochanskii, Uzhhorod National University, Ukraine<br \/>\nDr. Zhi Jiang, University of Aveiro, Portugal<\/p>\n<h3>Editorial Board<\/h3>\n<p>Dr. Igor Bdikin, University of Aveiro, Portugal<br \/>\nDr. Gil Alberto Batista Gon\u00e7alves, University of Aveiro, Portugal<br \/>\nDr. Martina Kocijan, University of Zagreb, Croatia<\/p>\n<h3>Technical Program Committee<\/h3>\n<p>Prof. Dr. Duncan Paul Fagg, University of Aveiro, Portugal<br \/>\nProf. Dr. Paula Alexandrina de Aguiar Pereira Marques, University of Aveiro, Portugal<br \/>\nDr. Igor Bdikin, University of Aveiro, Portugal<br \/>\nDr. Gil Alberto Batista, University of Aveiro, Portugal<br \/>\nDr. Francisco Loureiro, University of Aveiro, Portugal<br \/>\nDr. Nat\u00e1lia Barroca, University of Aveiro, Portugal<br \/>\nDr. Laura Holz, University of Aveiro, Portugal<br \/>\nDr. Vanessa Cristina Diniz da Gra\u00e7a, University of Aveiro, Portugal<br \/>\nDr. Ricardo Beja, University of Aveiro, Portugal<br \/>\nDr. Indrani Coondoo, University of Aveiro, Portugal<br \/>\nDr. Joana Mesquita-Guimaraes, University of Aveiro, Portugal<\/p>\n<h3>Conference Contacts<\/h3>\n<p>Email:\u00a0<a href=\"mailto:TEMA-ICNMSME-2025.aveiro@ua.pt\">TEMA-ICNMSME-2025.aveiro@ua.pt<\/a><br \/>\nConference Web:\u00a0 <a href=\"https:\/\/icnmsme2025.web.ua.pt\">https:\/\/icnmsme2025.web.ua.pt<\/a><\/p>\n","protected":false},"excerpt":{"rendered":"<p>Organizing Committee Prof. Dr. Robertt Valente, University of Aveiro, Portugal Prof. Dr. V\u00edtor Ant\u00f3nio Ferreira da Costa, University of Aveiro, Portugal Prof. Dr. Ant\u00f3nio Manuel de Bastos Pereira, University of Aveiro, Portugal Prof. Dr. Paula Alexandrina de Aguiar Pereira Marques, University of Aveiro, Portugal Prof. Dr. Duncan Paul Fagg, University of Aveiro, Portugal Dr. Igor [&hellip;]<\/p>\n","protected":false},"author":1,"featured_media":0,"parent":0,"menu_order":0,"comment_status":"closed","ping_status":"closed","template":"","meta":{"footnotes":""},"class_list":["post-136","page","type-page","status-publish","hentry"],"_links":{"self":[{"href":"https:\/\/icnmsme2025.web.ua.pt\/index.php?rest_route=\/wp\/v2\/pages\/136"}],"collection":[{"href":"https:\/\/icnmsme2025.web.ua.pt\/index.php?rest_route=\/wp\/v2\/pages"}],"about":[{"href":"https:\/\/icnmsme2025.web.ua.pt\/index.php?rest_route=\/wp\/v2\/types\/page"}],"author":[{"embeddable":true,"href":"https:\/\/icnmsme2025.web.ua.pt\/index.php?rest_route=\/wp\/v2\/users\/1"}],"replies":[{"embeddable":true,"href":"https:\/\/icnmsme2025.web.ua.pt\/index.php?rest_route=%2Fwp%2Fv2%2Fcomments&post=136"}],"version-history":[{"count":24,"href":"https:\/\/icnmsme2025.web.ua.pt\/index.php?rest_route=\/wp\/v2\/pages\/136\/revisions"}],"predecessor-version":[{"id":868,"href":"https:\/\/icnmsme2025.web.ua.pt\/index.php?rest_route=\/wp\/v2\/pages\/136\/revisions\/868"}],"wp:attachment":[{"href":"https:\/\/icnmsme2025.web.ua.pt\/index.php?rest_route=%2Fwp%2Fv2%2Fmedia&parent=136"}],"curies":[{"name":"wp","href":"https:\/\/api.w.org\/{rel}","templated":true}]}}